{"id":36,"date":"2025-08-24T19:57:37","date_gmt":"2025-08-24T17:57:37","guid":{"rendered":"http:\/\/www.puzzleteile-web.de\/index.php\/homepage\/"},"modified":"2025-10-01T11:03:20","modified_gmt":"2025-10-01T09:03:20","slug":"homepage","status":"publish","type":"page","link":"https:\/\/www.puzzleteile-web.de\/","title":{"rendered":"Andis Tippspiel"},"content":{"rendered":"<h3>Die Idee zu meinem Tippspiel f\u00fcr Familie, Freunde und Freunde der Freunde der Freunde&#8230;<\/h3>\n<p>Mein erstes Bundesliga-Tippspiel wurde 1997 f\u00fcr eine kleine Gruppe von 42 Mitspielern, bestehend aus Familie und Freunden, begonnen und findet somit immerhin schon zum 29. Mal ohne Unterbrechung statt!<\/p>\n<p>Viele Mitspieler sind von Anfang an dabei \u2013 mehr oder weniger freiwillig oder weil man als Familienmitglied praktisch hinein geboren wird \ud83d\ude09 &#8230;<br \/>\nUnd trotzdem hat es bis jetzt niemand geschafft, das Tippspiel zweimal zu gewinnen. Der absolute Teilnehmerrekord lag bislang bei sagenhaften 205 Mitspielern.<\/p>\n<p>Beim Tippspiel geht es darum, ein einziges Mal die Tabelle der 1. Fu\u00dfball-Bundesliga zu tippen. Der Tipp eines Mitspielers wird an jedem Spieltag mit der aktuellen Bundesliga-Tabelle verglichen und f\u00fcr jede \u00dcbereinstimmung\u00a0gibt es einen Punkt, der mit dem jeweiligen Spieltag multipliziert wird. Hei\u00dft: 4 Richtige am ersten Spieltag ergeben 4 Punkte, hat man 4 Richtige am zehnten Spieltag, erh\u00e4lt man 40 Punkte. Nat\u00fcrlich darf jede Zahl von 1 &#8211; 18 nur einmal vergeben werden! Der Tippeinsatz betr\u00e4gt 6 Euro. Die punktbesten 20% der\u00a0Mitspieler kommen in die Gewinnr\u00e4nge und werden nach dem letzten Spieltag ermittelt.<\/p>\n<p>Viel Spa\u00df beim Mitfiebern!<\/p>\n<p>Euer Andi<\/p>\n\n\n<div style=\"height:292px\" aria-hidden=\"true\" class=\"wp-block-spacer\"><\/div>\n\n\n\n<p class=\"has-small-font-size wp-block-paragraph\"><a href=\"https:\/\/www.puzzleteile-web.de\/index.php\/datenschutzerklaerung\/\" data-type=\"page\" data-id=\"3\">Impressum<\/a><\/p>\n","protected":false},"excerpt":{"rendered":"<p>Die Idee zu meinem Tippspiel f\u00fcr Familie, Freunde und Freunde der Freunde der Freunde&#8230; Mein erstes Bundesliga-Tippspiel wurde 1997 f\u00fcr eine kleine Gruppe von 42 Mitspielern, bestehend aus Familie und Freunden, begonnen und findet somit immerhin schon zum 29. Mal ohne Unterbrechung statt! Viele Mitspieler sind von Anfang an dabei \u2013 mehr oder weniger freiwillig [&hellip;]<\/p>\n","protected":false},"author":1,"featured_media":0,"parent":0,"menu_order":0,"comment_status":"closed","ping_status":"closed","template":"","meta":{"_crdt_document":"","footnotes":""},"class_list":["post-36","page","type-page","status-publish","hentry"],"_links":{"self":[{"href":"https:\/\/www.puzzleteile-web.de\/index.php\/wp-json\/wp\/v2\/pages\/36","targetHints":{"allow":["GET"]}}],"collection":[{"href":"https:\/\/www.puzzleteile-web.de\/index.php\/wp-json\/wp\/v2\/pages"}],"about":[{"href":"https:\/\/www.puzzleteile-web.de\/index.php\/wp-json\/wp\/v2\/types\/page"}],"author":[{"embeddable":true,"href":"https:\/\/www.puzzleteile-web.de\/index.php\/wp-json\/wp\/v2\/users\/1"}],"replies":[{"embeddable":true,"href":"https:\/\/www.puzzleteile-web.de\/index.php\/wp-json\/wp\/v2\/comments?post=36"}],"version-history":[{"count":16,"href":"https:\/\/www.puzzleteile-web.de\/index.php\/wp-json\/wp\/v2\/pages\/36\/revisions"}],"predecessor-version":[{"id":912,"href":"https:\/\/www.puzzleteile-web.de\/index.php\/wp-json\/wp\/v2\/pages\/36\/revisions\/912"}],"wp:attachment":[{"href":"https:\/\/www.puzzleteile-web.de\/index.php\/wp-json\/wp\/v2\/media?parent=36"}],"curies":[{"name":"wp","href":"https:\/\/api.w.org\/{rel}","templated":true}]}}