{"id":888,"date":"2025-09-23T12:51:28","date_gmt":"2025-09-23T10:51:28","guid":{"rendered":"http:\/\/www.puzzleteile-web.de\/?page_id=888"},"modified":"2025-10-02T17:24:43","modified_gmt":"2025-10-02T15:24:43","slug":"chronik-seit-1998","status":"publish","type":"page","link":"https:\/\/www.puzzleteile-web.de\/index.php\/chronik-seit-1998\/","title":{"rendered":"Chronik seit 1998"},"content":{"rendered":"\n<p class=\"wp-block-paragraph\">Die Abschlusstabellen habe ich seit der Bundesliga-Saison 1998\/99 archiviert. Nur f\u00fcr das erste Tippspiel habe ich leider keine Datei mehr, damals war Andreas Egenolf unter 42 Mitspielern der erfolgreiche Sieger. <\/p>\n\n\n\n<p class=\"wp-block-paragraph\"><\/p>\n\n\n\n<p class=\"wp-block-paragraph\"><strong>Ein paar interessante Fakten:<\/strong><\/p>\n\n\n\n<p class=\"wp-block-paragraph\">\u2022 Die Rekordpunktzahl eines Siegers war 3462! Das war \u201eHawk\u201c im Jahr 2013\/2014.<\/p>\n\n\n\n<p class=\"wp-block-paragraph\">\u2022 Der minimalistischste Sieg mit 1613 Punkten (also sehr effektiv, nicht mehr als man muss\u2026) ging 2010\/2011 an Lisa Wagner. Damit zu gewinnen, muss man erst mal schaffen!<\/p>\n\n\n\n<p class=\"wp-block-paragraph\">\u2022 Bislang gibt es unter den Siegern bereits drei Familien-Duelle, n\u00e4mlich bei Vater und Sohn Weber, Mutter und Tochter Wagner sowie Mutter und Sohn Ditzinger&#8230;<\/p>\n\n\n\n<p class=\"wp-block-paragraph\">\u2022 Der Tippspiel-Veranstalter selbst hat es leider noch nicht auf den Thron geschafft. Aber das kann ja noch werden \ud83d\ude09<\/p>\n\n\n\n<p class=\"wp-block-paragraph\"><\/p>\n\n\n\n<p class=\"wp-block-paragraph\"><\/p>\n\n\n\n<p class=\"wp-block-paragraph\">Die Saisons 2015\/16 und 2016\/17 m\u00fcssen noch auf einem alten Rechner oder Stick existieren, die Recherche daf\u00fcr l\u00e4uft gerade&#8230; Falls jemand noch archivierte Abschlusstabellen von diesen beiden Saisons besitzt, w\u00fcrde ich mich freuen, wenn mir diese per Mail an <a href=\"mailto:aseif@web.de\">aseif@web.de<\/a> zur Verf\u00fcgung gestellt werden.<\/p>\n\n\n\n<hr class=\"wp-block-separator has-alpha-channel-opacity is-style-wide\"\/>\n\n\n\n<h5 class=\"wp-block-heading\">Die Gewinner:<\/h5>\n\n\n\n<ul class=\"wp-block-list\">\n<li>1997\/1998: Andreas Egenolf<\/li>\n\n\n\n<li>1998\/1999: Benny de Bruin<\/li>\n\n\n\n<li>1999\/2000: Gertrud Seif<\/li>\n\n\n\n<li>2000\/2001: Bernhard M\u00fccke<\/li>\n\n\n\n<li>2001\/2002: Frank Schr\u00f6der<\/li>\n\n\n\n<li>2002\/2003: Michael P\u00fcsken<\/li>\n\n\n\n<li>2003\/2004: Beate Wagner<\/li>\n\n\n\n<li>2004\/2005: Christoph Esser (MC Escher)<\/li>\n\n\n\n<li>2005\/2006: Karl Napp&nbsp;<\/li>\n\n\n\n<li>2006\/2007: Beate Silbermann&nbsp;<\/li>\n\n\n\n<li>2007\/2008: G\u00fcnter Weber<\/li>\n\n\n\n<li>2008\/2009: Dirk Weber<\/li>\n\n\n\n<li>2009\/2010: Irmgard Eberhardt<\/li>\n\n\n\n<li>2010\/2011: Lisa Wagner<\/li>\n\n\n\n<li>2011\/2012: Monika Fischer<\/li>\n\n\n\n<li>2012\/2013: Deckard<\/li>\n\n\n\n<li>2013\/2014: Hawk<\/li>\n\n\n\n<li>2014\/2015: sim-vfb 3<\/li>\n\n\n\n<li>2015\/2016: ??<\/li>\n\n\n\n<li>2016\/2017: ??<\/li>\n\n\n\n<li>2017\/2018: Thailaender<\/li>\n\n\n\n<li>2018\/2019: K. Stein<\/li>\n\n\n\n<li>2019\/2020: Elmar Kexel<\/li>\n\n\n\n<li>2020\/2021: Kristian<\/li>\n\n\n\n<li>2021\/2022: Adlerchen<\/li>\n\n\n\n<li>2022\/2023: Ditze<\/li>\n\n\n\n<li>2023\/2024: Patrick<\/li>\n\n\n\n<li>2024\/2025: Roman Rosbach<\/li>\n\n\n\n<li>2025\/2026: mal sehen&#8230;&nbsp;<\/li>\n<\/ul>\n","protected":false},"excerpt":{"rendered":"<p>Die Abschlusstabellen habe ich seit der Bundesliga-Saison 1998\/99 archiviert. Nur f\u00fcr das erste Tippspiel habe ich leider keine Datei mehr, damals war Andreas Egenolf unter 42 Mitspielern der erfolgreiche Sieger. Ein paar interessante Fakten: \u2022 Die Rekordpunktzahl eines Siegers war 3462! Das war \u201eHawk\u201c im Jahr 2013\/2014. \u2022 Der minimalistischste Sieg mit 1613 Punkten (also [&hellip;]<\/p>\n","protected":false},"author":1,"featured_media":0,"parent":0,"menu_order":0,"comment_status":"closed","ping_status":"closed","template":"","meta":{"_crdt_document":"","footnotes":""},"class_list":["post-888","page","type-page","status-publish","hentry"],"_links":{"self":[{"href":"https:\/\/www.puzzleteile-web.de\/index.php\/wp-json\/wp\/v2\/pages\/888","targetHints":{"allow":["GET"]}}],"collection":[{"href":"https:\/\/www.puzzleteile-web.de\/index.php\/wp-json\/wp\/v2\/pages"}],"about":[{"href":"https:\/\/www.puzzleteile-web.de\/index.php\/wp-json\/wp\/v2\/types\/page"}],"author":[{"embeddable":true,"href":"https:\/\/www.puzzleteile-web.de\/index.php\/wp-json\/wp\/v2\/users\/1"}],"replies":[{"embeddable":true,"href":"https:\/\/www.puzzleteile-web.de\/index.php\/wp-json\/wp\/v2\/comments?post=888"}],"version-history":[{"count":8,"href":"https:\/\/www.puzzleteile-web.de\/index.php\/wp-json\/wp\/v2\/pages\/888\/revisions"}],"predecessor-version":[{"id":916,"href":"https:\/\/www.puzzleteile-web.de\/index.php\/wp-json\/wp\/v2\/pages\/888\/revisions\/916"}],"wp:attachment":[{"href":"https:\/\/www.puzzleteile-web.de\/index.php\/wp-json\/wp\/v2\/media?parent=888"}],"curies":[{"name":"wp","href":"https:\/\/api.w.org\/{rel}","templated":true}]}}